{"id":15250,"date":"2015-05-14T15:04:43","date_gmt":"2015-05-14T15:04:43","guid":{"rendered":"http:\/\/demo.qodeinteractive.com\/bridge115\/?page_id=15250"},"modified":"2024-02-23T15:13:02","modified_gmt":"2024-02-23T12:13:02","slug":"home","status":"publish","type":"page","link":"https:\/\/daspos.eu\/","title":{"rendered":"Home"},"content":{"rendered":"<section class=\"wpb-content-wrapper\">\t\t<div data-elementor-type=\"wp-page\" data-elementor-id=\"15250\" class=\"elementor elementor-15250\">\n\t\t\t\t\t\t\t\t\t<section class=\"elementor-section elementor-top-section elementor-element elementor-element-5673c0ff elementor-section-boxed elementor-section-height-default elementor-section-height-default parallax_section_no qode_elementor_container_no\" data-id=\"5673c0ff\" data-element_type=\"section\">\n\t\t\t\t\t\t<div class=\"elementor-container elementor-column-gap-default\">\n\t\t\t\t\t<div class=\"elementor-column elementor-col-100 elementor-top-column elementor-element elementor-element-6eab4394\" data-id=\"6eab4394\" data-element_type=\"column\">\n\t\t\t<div class=\"elementor-widget-wrap elementor-element-populated\">\n\t\t\t\t\t\t\t\t<div class=\"elementor-element elementor-element-7fbaa8de elementor-widget elementor-widget-text-editor\" data-id=\"7fbaa8de\" data-element_type=\"widget\" data-widget_type=\"text-editor.default\">\n\t\t\t\t<div class=\"elementor-widget-container\">\n\t\t\t<style>\/*! elementor - v3.11.4 - 12-03-2023 *\/\n.elementor-widget-text-editor.elementor-drop-cap-view-stacked .elementor-drop-cap{background-color:#818a91;color:#fff}.elementor-widget-text-editor.elementor-drop-cap-view-framed .elementor-drop-cap{color:#818a91;border:3px solid;background-color:transparent}.elementor-widget-text-editor:not(.elementor-drop-cap-view-default) .elementor-drop-cap{margin-top:8px}.elementor-widget-text-editor:not(.elementor-drop-cap-view-default) .elementor-drop-cap-letter{width:1em;height:1em}.elementor-widget-text-editor .elementor-drop-cap{float:left;text-align:center;line-height:1;font-size:50px}.elementor-widget-text-editor .elementor-drop-cap-letter{display:inline-block}<\/style>\t\t\t\t<p>[vc_row css_animation=&#8221;&#8221; row_type=&#8221;row&#8221; use_row_as_full_screen_section=&#8221;no&#8221; type=&#8221;full_width&#8221; angled_section=&#8221;no&#8221; text_align=&#8221;center&#8221; background_image_as_pattern=&#8221;without_pattern&#8221; background_color=&#8221;#f9f9f9&#8243; padding_top=&#8221;140&#8243; padding_bottom=&#8221;100&#8243; anchor=&#8221;about&#8221;][vc_column offset=&#8221;vc_col-lg-offset-3 vc_col-lg-6&#8243;][vc_column_text]<\/p>\n<h1 style=\"text-align: center;\"><strong>D&nbsp; &nbsp;A&nbsp; &nbsp;S<\/strong><\/h1>\n<p><\/p>\n<h3 style=\"text-align: center;\">D\u0131splay Arch\u0131tect Solut\u0131ons<\/h3>\n<p>[\/vc_column_text][vc_separator type=&#8221;normal&#8221;][vc_column_text]<\/p>\n<p style=\"text-align: center;\"><span style=\"color: #999999;\"><strong>It is an integrated organization that carries out all processes single-handedly, from the design of the product to its delivery to the customer as desired. With approximately 450 employees, designers and engineers, it is one of the leading organizations worldwide..<\/strong><\/span><\/p>\n<p>[\/vc_column_text][\/vc_column][\/vc_row][vc_row css_animation=&#8221;&#8221; row_type=&#8221;row&#8221; use_row_as_full_screen_section=&#8221;no&#8221; type=&#8221;grid&#8221; angled_section=&#8221;no&#8221; text_align=&#8221;left&#8221; background_image_as_pattern=&#8221;without_pattern&#8221; padding_bottom=&#8221;55&#8243; background_color=&#8221;#f9f9f9&#8243;][vc_column width=&#8221;1\/3&#8243;][vc_single_image image=&#8221;15478&#8243; img_size=&#8221;full&#8221; alignment=&#8221;center&#8221; qode_css_animation=&#8221;element_from_fade&#8221; transition_delay=&#8221;0.3&#8243;][vc_separator type=&#8221;transparent&#8221; up=&#8221;40&#8243; down=&#8221;0&#8243;]<div class='q_icon_with_title tiny normal_icon center '><div class=\"icon_holder \" style=\"margin: 0 0 20px 0; \"><span data-icon-type=\"normal\"  data-icon-hover-color=\"#222222\" style=\"font-size: 23px;\" class=\"qode_iwt_icon_holder q_font_awsome_icon fa-lg  \"><span aria-hidden=\"true\" class=\"qode_icon_font_elegant icon_ribbon_alt qode_iwt_icon_element\" style=\"color: #c9c9c9;\" ><\/span><\/span><\/div><div class=\"icon_text_holder\" style=\"\"><div class=\"icon_text_inner\" style=\"\"><h5 class=\"icon_title\" style=\"color: #222222;\">FSU Stand<\/h5><p style='color: #8d8d8d'>You get a portable unit with our durable display stands. We are a leading company in the industry manufacturing many different products utilizing our cutting-edge wood, metal, plastic and printing technology.<\/p><\/div><\/div><\/div>[vc_separator type=&#8221;transparent&#8221; up=&#8221;30&#8243; down=&#8221;0&#8243;][\/vc_column][vc_column width=&#8221;1\/3&#8243;][vc_single_image image=&#8221;15480&#8243; img_size=&#8221;full&#8221; alignment=&#8221;center&#8221; qode_css_animation=&#8221;element_from_fade&#8221; transition_delay=&#8221;0.6&#8243;][vc_separator type=&#8221;transparent&#8221; up=&#8221;40&#8243; down=&#8221;0&#8243;]<div class='q_icon_with_title tiny normal_icon center '><div class=\"icon_holder \" style=\"margin: 0 0 20px 0; \"><span data-icon-type=\"normal\"  data-icon-hover-color=\"#222222\" style=\"font-size: 23px;\" class=\"qode_iwt_icon_holder q_font_awsome_icon fa-lg  \"><span aria-hidden=\"true\" class=\"qode_icon_font_elegant icon_puzzle qode_iwt_icon_element\" style=\"color: #c9c9c9;\" ><\/span><\/span><\/div><div class=\"icon_text_holder\" style=\"\"><div class=\"icon_text_inner\" style=\"\"><h5 class=\"icon_title\" style=\"color: #222222;\">Counter D\u0131splay Stand<\/h5><p style='color: #8d8d8d'>Counter-Top Display Stands exploit empty spaces on the counters to make more sales. They can be placed at different spots due to their lightness and portability.<\/p><\/div><\/div><\/div>[vc_separator type=&#8221;transparent&#8221; up=&#8221;30&#8243; down=&#8221;0&#8243;][\/vc_column][vc_column width=&#8221;1\/3&#8243;][vc_single_image image=&#8221;15482&#8243; img_size=&#8221;full&#8221; alignment=&#8221;center&#8221; qode_css_animation=&#8221;element_from_fade&#8221; transition_delay=&#8221;0.9&#8243;][vc_separator type=&#8221;transparent&#8221; up=&#8221;40&#8243; down=&#8221;0&#8243;]<div class='q_icon_with_title tiny normal_icon center '><div class=\"icon_holder \" style=\"margin: 0 0 20px 0; \"><span data-icon-type=\"normal\"  data-icon-hover-color=\"#222222\" style=\"font-size: 23px;\" class=\"qode_iwt_icon_holder q_font_awsome_icon fa-lg  \"><span aria-hidden=\"true\" class=\"qode_icon_font_elegant icon_star qode_iwt_icon_element\" style=\"color: #c9c9c9;\" ><\/span><\/span><\/div><div class=\"icon_text_holder\" style=\"\"><div class=\"icon_text_inner\" style=\"\"><h5 class=\"icon_title\" style=\"color: #222222;\">Hang\u0131ng D\u0131splay Stand<\/h5><p style='color: #8d8d8d'>You can put Hanging Display Stands on shelves featuring matching products. Easy to assemble and disassemble, they can be moved around during periods of special campaigns.<\/p><\/div><\/div><\/div>[vc_separator type=&#8221;transparent&#8221; up=&#8221;30&#8243; down=&#8221;0&#8243;][\/vc_column][\/vc_row][vc_row css_animation=&#8221;&#8221; row_type=&#8221;row&#8221; use_row_as_full_screen_section=&#8221;no&#8221; type=&#8221;grid&#8221; angled_section=&#8221;no&#8221; text_align=&#8221;left&#8221; background_image_as_pattern=&#8221;without_pattern&#8221; padding_top=&#8221;95&#8243; padding_bottom=&#8221;70&#8243;][vc_column width=&#8221;1\/2&#8243;][vc_column_text]<\/p>\n<h3>OUR PRODUCTS<\/h3>\n<p>[\/vc_column_text][vc_separator type=&#8221;transparent&#8221; up=&#8221;15&#8243; down=&#8221;0&#8243;][vc_column_text]<\/p>\n<p class=\"tbk__subtitle\">We develop a variety of products, responding to every need.<br>Our Main Products: Free Standing Units, Gondola Display Stands, Counter-Top Display Stands, Checkout Display Stands, Aisle Dressing, Hanging Display Stands and Special Projects<\/p>\n<p>[\/vc_column_text][vc_separator type=&#8221;transparent&#8221; up=&#8221;35&#8243; down=&#8221;0&#8243;][vc_separator type=&#8221;transparent&#8221; up=&#8221;30&#8243; down=&#8221;0&#8243;][\/vc_column][vc_column width=&#8221;1\/2&#8243;]<div class='q_progress_bar'><h6 class='progress_title_holder clearfix' style='color: #222222;'><span class='progress_title'><span>Des\u0131gn Process<\/span><\/span><span class='progress_number' style='color: #222222;font-size: 15px;font-weight: 600;'><span>0<\/span>%<\/span><\/h6><div class='progress_content_outer' style='height: 15px;border-radius: 0px;-moz-border-radius: 0px;-webkit-border-radius: 0px;background-color: #f7f7f7;'><div data-percentage='92' class='progress_content' style='height: 15px;background-color: #1abc9c;border: 1px solid #1abc9c;'><\/div><\/div><\/div><div class='q_progress_bar'><h6 class='progress_title_holder clearfix' style='color: #222222;'><span class='progress_title'><span>Eng\u0131neer\u0131ng Process<\/span><\/span><span class='progress_number' style='color: #222222;font-size: 15px;font-weight: 600;'><span>0<\/span>%<\/span><\/h6><div class='progress_content_outer' style='height: 15px;border-radius: 0px;-moz-border-radius: 0px;-webkit-border-radius: 0px;background-color: #f7f7f7;'><div data-percentage='94' class='progress_content' style='height: 15px;background-color: #1abc9c;border: 1px solid #1abc9c;'><\/div><\/div><\/div><div class='q_progress_bar'><h6 class='progress_title_holder clearfix' style='color: #222222;'><span class='progress_title'><span>Prototyp\u0131ng Process<\/span><\/span><span class='progress_number' style='color: #222222;font-size: 15px;font-weight: 600;'><span>0<\/span>%<\/span><\/h6><div class='progress_content_outer' style='height: 15px;border-radius: 0px;-moz-border-radius: 0px;-webkit-border-radius: 0px;background-color: #f7f7f7;'><div data-percentage='96' class='progress_content' style='height: 15px;background-color: #1abc9c;border: 1px solid #1abc9c;'><\/div><\/div><\/div><div class='q_progress_bar'><h6 class='progress_title_holder clearfix' style='color: #222222;'><span class='progress_title'><span>Manufactur\u0131ng Process<\/span><\/span><span class='progress_number' style='color: #222222;font-size: 15px;font-weight: 600;'><span>0<\/span>%<\/span><\/h6><div class='progress_content_outer' style='height: 15px;border-radius: 0px;-moz-border-radius: 0px;-webkit-border-radius: 0px;background-color: #f7f7f7;'><div data-percentage='99' class='progress_content' style='height: 15px;background-color: #1abc9c;border: 1px solid #1abc9c;'><\/div><\/div><\/div>[vc_separator type=&#8221;transparent&#8221; up=&#8221;30&#8243; down=&#8221;0&#8243;][\/vc_column][\/vc_row][vc_row css_animation=&#8221;&#8221; row_type=&#8221;row&#8221; use_row_as_full_screen_section=&#8221;no&#8221; type=&#8221;grid&#8221; angled_section=&#8221;no&#8221; text_align=&#8221;center&#8221; background_image_as_pattern=&#8221;without_pattern&#8221; background_color=&#8221;#f9f9f9&#8243; padding_top=&#8221;90&#8243; padding_bottom=&#8221;90&#8243; anchor=&#8221;projects&#8221;][vc_column][vc_column_text]<\/p>\n<h3>our products<\/h3>\n<p>[\/vc_column_text][vc_separator type=&#8221;transparent&#8221; up=&#8221;50&#8243; down=&#8221;0&#8243;][vc_gallery type=&#8221;image_grid&#8221; images=&#8221;15488,15489,15490,15491,15492,15493,15494,15495,15496,15497,15498,15499&#8243; img_size=&#8221;500X500&#8243; column_number=&#8221;3&#8243; grayscale=&#8221;no&#8221; images_space=&#8221;gallery_without_space&#8221;][\/vc_column][\/vc_row][vc_row css_animation=&#8221;&#8221; row_type=&#8221;row&#8221; use_row_as_full_screen_section=&#8221;no&#8221; type=&#8221;grid&#8221; angled_section=&#8221;no&#8221; text_align=&#8221;center&#8221; background_image_as_pattern=&#8221;without_pattern&#8221; padding_top=&#8221;90&#8243; padding_bottom=&#8221;90&#8243; anchor=&#8221;process&#8221;][vc_column][vc_column_text]<\/p>\n<h3 class=\"process_steps__intro-title\">How Do We <strong>Manufacture Qual\u0131ty Products?<\/strong><\/h3>\n<p>[\/vc_column_text][vc_separator type=&#8221;transparent&#8221; up=&#8221;30&#8243; down=&#8221;0&#8243;][vc_column_text]<\/p>\n<h4>We produce tailor-made display stands<\/h4>\n<div class=\"process_steps__container\">\n<div class=\"process_steps__inner process_steps__height\">\n<div class=\"process_steps__step\">&nbsp;<\/div>\n<\/div>\n<\/div>\n<p>[\/vc_column_text][\/vc_column][\/vc_row][vc_row css_animation=&#8221;&#8221; row_type=&#8221;row&#8221; use_row_as_full_screen_section=&#8221;no&#8221; type=&#8221;grid&#8221; angled_section=&#8221;no&#8221; text_align=&#8221;left&#8221; background_image_as_pattern=&#8221;without_pattern&#8221; padding_bottom=&#8221;60&#8243;][vc_column width=&#8221;1\/3&#8243;][vc_separator type=&#8221;transparent&#8221; up=&#8221;55&#8243; down=&#8221;0&#8243;]<div class='q_icon_with_title tiny normal_icon right '><div class=\"icon_holder \" style=\" \"><span data-icon-type=\"normal\"  data-icon-hover-color=\"#222222\" style=\"font-size: 23px;\" class=\"qode_iwt_icon_holder q_font_awsome_icon fa-lg  \"><span aria-hidden=\"true\" class=\"qode_icon_font_elegant icon_heart_alt qode_iwt_icon_element\" style=\"color: #cecece;\" ><\/span><\/span><\/div><div class=\"icon_text_holder\" style=\"padding-right:58px;\"><div class=\"icon_text_inner\" style=\"\"><h5 class=\"icon_title\" style=\"\"><\/h5><p style='color: #8d8d8d'>We gather information to arrive at a complete understanding of the kind of display stand the customer wishes to have.<\/p><\/div><\/div><\/div>[vc_separator type=&#8221;transparent&#8221; up=&#8221;20&#8243; down=&#8221;0&#8243;]<div class='q_icon_with_title tiny normal_icon right '><div class=\"icon_holder \" style=\" \"><span data-icon-type=\"normal\"  data-icon-hover-color=\"#222222\" style=\"font-size: 23px;\" class=\"qode_iwt_icon_holder q_font_awsome_icon fa-lg  \"><span aria-hidden=\"true\" class=\"qode_icon_font_elegant icon_pin_alt qode_iwt_icon_element\" style=\"color: #cecece;\" ><\/span><\/span><\/div><div class=\"icon_text_holder\" style=\"padding-right:58px;\"><div class=\"icon_text_inner\" style=\"\"><h5 class=\"icon_title\" style=\"\"><\/h5><p style='color: #8d8d8d'>In light of the information received, the design team works to create the most functional and visually fitting product.<\/p><\/div><\/div><\/div>[vc_separator type=&#8221;transparent&#8221; up=&#8221;20&#8243; down=&#8221;0&#8243;]<div class='q_icon_with_title tiny normal_icon right '><div class=\"icon_holder \" style=\" \"><span data-icon-type=\"normal\"  data-icon-hover-color=\"#222222\" style=\"font-size: 23px;\" class=\"qode_iwt_icon_holder q_font_awsome_icon fa-lg  \"><span aria-hidden=\"true\" class=\"qode_icon_font_elegant icon_globe qode_iwt_icon_element\" style=\"color: #cecece;\" ><\/span><\/span><\/div><div class=\"icon_text_holder\" style=\"padding-right:58px;\"><div class=\"icon_text_inner\" style=\"\"><h5 class=\"icon_title\" style=\"\"><\/h5><p style='color: #8d8d8d'>Straight out of the design process, all technical, strength and static tests of the product are done, based on drawings, before being transferred to the prototyping department. We gather information to arrive<\/p><\/div><\/div><\/div>[vc_separator type=&#8221;transparent&#8221; up=&#8221;30&#8243; down=&#8221;0&#8243;][\/vc_column][vc_column width=&#8221;1\/3&#8243; css=&#8221;.vc_custom_1678792279812{padding-top: 60px !important;}&#8221;][vc_single_image image=&#8221;15503&#8243; img_size=&#8221;full&#8221; alignment=&#8221;center&#8221; qode_css_animation=&#8221;element_from_fade&#8221; transition_delay=&#8221;0.2&#8243;][vc_separator type=&#8221;transparent&#8221; up=&#8221;30&#8243; down=&#8221;0&#8243;][\/vc_column][vc_column width=&#8221;1\/3&#8243;][vc_separator type=&#8221;transparent&#8221; up=&#8221;55&#8243; down=&#8221;0&#8243;]<div class='q_icon_with_title tiny normal_icon '><div class=\"icon_holder \" style=\" \"><span data-icon-type=\"normal\"  data-icon-hover-color=\"#222222\" style=\"font-size: 23px;\" class=\"qode_iwt_icon_holder q_font_awsome_icon fa-lg  \"><span aria-hidden=\"true\" class=\"qode_icon_font_elegant icon_lightbulb_alt qode_iwt_icon_element\" style=\"color: #cecece;\" ><\/span><\/span><\/div><div class=\"icon_text_holder\" style=\"padding-left:58px;\"><div class=\"icon_text_inner\" style=\"\"><h5 class=\"icon_title\" style=\"\"><\/h5><p style='color: #8d8d8d'>Following a detailed technical drawing of the product, a sample is created by the prototyping department to be offered to the customer for review.<\/p><\/div><\/div><\/div>[vc_separator type=&#8221;transparent&#8221; up=&#8221;20&#8243; down=&#8221;0&#8243;]<div class='q_icon_with_title tiny normal_icon '><div class=\"icon_holder \" style=\" \"><span data-icon-type=\"normal\"  data-icon-hover-color=\"#222222\" style=\"font-size: 23px;\" class=\"qode_iwt_icon_holder q_font_awsome_icon fa-lg  \"><span aria-hidden=\"true\" class=\"qode_icon_font_elegant icon_ribbon_alt qode_iwt_icon_element\" style=\"color: #cecece;\" ><\/span><\/span><\/div><div class=\"icon_text_holder\" style=\"padding-left:58px;\"><div class=\"icon_text_inner\" style=\"\"><h5 class=\"icon_title\" style=\"\"><\/h5><p style='color: #8d8d8d'>After the inspection of the sample, the customer places an order to initiate the mass production process.<\/p><\/div><\/div><\/div>[vc_separator type=&#8221;transparent&#8221; up=&#8221;20&#8243; down=&#8221;0&#8243;]<div class='q_icon_with_title tiny normal_icon '><div class=\"icon_holder \" style=\" \"><span data-icon-type=\"normal\"  data-icon-hover-color=\"#222222\" style=\"font-size: 23px;\" class=\"qode_iwt_icon_holder q_font_awsome_icon fa-lg  \"><span aria-hidden=\"true\" class=\"qode_icon_font_elegant icon_genius qode_iwt_icon_element\" style=\"color: #cecece;\" ><\/span><\/span><\/div><div class=\"icon_text_holder\" style=\"\"><div class=\"icon_text_inner\" style=\"\"><h5 class=\"icon_title\" style=\"\"><\/h5><p style='color: #8d8d8d'>The products produced on demand are carefully packaged according to the weather conditions, the distance to be traveled and the delivery conditions.<\/p><\/div><\/div><\/div>[vc_separator type=&#8221;transparent&#8221; up=&#8221;30&#8243; down=&#8221;0&#8243;][\/vc_column][\/vc_row][vc_row css_animation=&#8221;&#8221; row_type=&#8221;row&#8221; use_row_as_full_screen_section=&#8221;no&#8221; type=&#8221;grid&#8221; angled_section=&#8221;no&#8221; text_align=&#8221;center&#8221; background_image_as_pattern=&#8221;without_pattern&#8221; padding_top=&#8221;85&#8243; background_color=&#8221;#f9f9f9&#8243; padding_bottom=&#8221;80&#8243; anchor=&#8221;contact&#8221;][vc_column][vc_column_text]<\/p>\n<h3>CONTACT US<\/h3>\n<p>[\/vc_column_text][vc_separator type=&#8221;transparent&#8221; up=&#8221;24&#8243; down=&#8221;0&#8243;][vc_separator type=&#8221;transparent&#8221; up=&#8221;60&#8243; down=&#8221;0&#8243;]\n<div class=\"wpcf7 no-js\" id=\"wpcf7-f15366-o1\" lang=\"en-US\" dir=\"ltr\" data-wpcf7-id=\"15366\">\n<div class=\"screen-reader-response\"><p role=\"status\" aria-live=\"polite\" aria-atomic=\"true\"><\/p> <ul><\/ul><\/div>\n<form action=\"\/index.php\/wp-json\/wp\/v2\/pages\/15250#wpcf7-f15366-o1\" method=\"post\" class=\"wpcf7-form init cf7_custom_style_1\" aria-label=\"Contact form\" novalidate=\"novalidate\" data-status=\"init\">\n<div style=\"display: none;\">\n<input type=\"hidden\" name=\"_wpcf7\" value=\"15366\" \/>\n<input type=\"hidden\" name=\"_wpcf7_version\" value=\"6.0\" \/>\n<input type=\"hidden\" name=\"_wpcf7_locale\" value=\"en_US\" \/>\n<input type=\"hidden\" name=\"_wpcf7_unit_tag\" value=\"wpcf7-f15366-o1\" \/>\n<input type=\"hidden\" name=\"_wpcf7_container_post\" value=\"0\" \/>\n<input type=\"hidden\" name=\"_wpcf7_posted_data_hash\" value=\"\" \/>\n<input type=\"hidden\" name=\"_wpcf7_recaptcha_response\" value=\"\" \/>\n<\/div>\n<div class=\"three_columns clearfix\">\n<div class=\"column1\">\n<div class=\"column_inner\">\n<span class=\"wpcf7-form-control-wrap\" data-name=\"first-name\"><input size=\"40\" maxlength=\"400\" class=\"wpcf7-form-control wpcf7-text wpcf7-validates-as-required\" aria-required=\"true\" aria-invalid=\"false\" placeholder=\"First Name\" value=\"\" type=\"text\" name=\"first-name\" \/><\/span>\n<\/div>\n<\/div>\n<div class=\"column2\">\n<div class=\"column_inner\">\n<span class=\"wpcf7-form-control-wrap\" data-name=\"last-name\"><input size=\"40\" maxlength=\"400\" class=\"wpcf7-form-control wpcf7-text wpcf7-validates-as-required\" aria-required=\"true\" aria-invalid=\"false\" placeholder=\"Last Name\" value=\"\" type=\"text\" name=\"last-name\" \/><\/span>\n<\/div>\n<\/div>\n<div class=\"column3\">\n<div class=\"column_inner\">\n<span class=\"wpcf7-form-control-wrap\" data-name=\"email\"><input size=\"40\" maxlength=\"400\" class=\"wpcf7-form-control wpcf7-text wpcf7-validates-as-required\" aria-required=\"true\" aria-invalid=\"false\" placeholder=\"Email\" value=\"\" type=\"text\" name=\"email\" \/><\/span>\n<\/div>\n<\/div>\n<\/div>\n<p><span class=\"wpcf7-form-control-wrap\" data-name=\"message\"><textarea cols=\"40\" rows=\"10\" maxlength=\"2000\" class=\"wpcf7-form-control wpcf7-textarea\" aria-invalid=\"false\" placeholder=\"Message\" name=\"message\"><\/textarea><\/span><\/p>\n<p><input class=\"wpcf7-form-control wpcf7-submit has-spinner\" type=\"submit\" value=\"Contact Us\" \/><\/p><input type=\"hidden\" id=\"ct_checkjs_cf7_f4552671f8909587cf485ea990207f3b\" name=\"ct_checkjs_cf7\" value=\"0\" \/><script >setTimeout(function(){var ct_input_name = \"ct_checkjs_cf7_f4552671f8909587cf485ea990207f3b\";if (document.getElementById(ct_input_name) !== null) {var ct_input_value = document.getElementById(ct_input_name).value;document.getElementById(ct_input_name).value = document.getElementById(ct_input_name).value.replace(ct_input_value, '2105091988');}}, 1000);<\/script><input \n        id=\"apbct__email_id__wp_contact_form_7_54998\" \n        class=\"apbct_special_field apbct__email_id__wp_contact_form_7\"\n        autocomplete=\"off\" \n        name=\"apbct__email_id__wp_contact_form_7_54998\"  \n        type=\"text\" \n        value=\"\" \n        size=\"30\" \n        maxlength=\"200\" \n    \/><input \n        id=\"apbct_event_id\"\n        class=\"apbct_special_field\"\n        name=\"apbct_event_id\"\n        type=\"hidden\" \n        value=\"54998\" \n            \/><div class=\"wpcf7-response-output\" aria-hidden=\"true\"><\/div>\n<\/form>\n<\/div>\n[\/vc_column][\/vc_row][vc_row css_animation=&#8221;&#8221; row_type=&#8221;row&#8221; use_row_as_full_screen_section=&#8221;no&#8221; type=&#8221;full_width&#8221; angled_section=&#8221;no&#8221; text_align=&#8221;left&#8221; background_image_as_pattern=&#8221;without_pattern&#8221;][vc_column][vc_gmaps link=&#8221;#E-8_JTNDaWZyYW1lJTIwc3JjJTNEJTIyaHR0cHMlM0ElMkYlMkZ3d3cuZ29vZ2xlLmNvbSUyRm1hcHMlMkZlbWJlZCUzRnBiJTNEJTIxMW0xOCUyMTFtMTIlMjExbTMlMjExZDI0ODEuNjI3MTY3NjUwNjkyNiUyMTJkNi43MTc4MTI5MTU5MjU4NjYlMjEzZDUxLjUzODM5NzgxNjI1NzElMjEybTMlMjExZjAlMjEyZjAlMjEzZjAlMjEzbTIlMjExaTEwMjQlMjEyaTc2OCUyMTRmMTMuMSUyMTNtMyUyMTFtMiUyMTFzMHg0N2I4OTQyYTA2OTExNzQ5JTI1M0EweDk0ZjU0ODViNzdjM2ZkNGIlMjEyc0FtJTI1MjBIZWxwb290JTI1MkMlMjUyMDQ3MTc4JTI1MjBEdWlzYnVyZyUyNTJDJTI1MjBBbG1hbnlhJTIxNWUwJTIxM20yJTIxMXN0ciUyMTJzdHIlMjE0djE2Nzg3OTUxNTg1ODElMjE1bTIlMjExc3RyJTIxMnN0ciUyMiUyMHdpZHRoJTNEJTIyNjAwJTIyJTIwaGVpZ2h0JTNEJTIyNDUwJTIyJTIwc3R5bGUlM0QlMjJib3JkZXIlM0EwJTNCJTIyJTIwYWxsb3dmdWxsc2NyZWVuJTNEJTIyJTIyJTIwbG9hZGluZyUzRCUyMmxhenklMjIlMjByZWZlcnJlcnBvbGljeSUzRCUyMm5vLXJlZmVycmVyLXdoZW4tZG93bmdyYWRlJTIyJTNFJTNDJTJGaWZyYW1lJTNF&#8221;][\/vc_column][\/vc_row][vc_row css_animation=&#8221;&#8221; row_type=&#8221;row&#8221; use_row_as_full_screen_section=&#8221;no&#8221; type=&#8221;full_width&#8221; angled_section=&#8221;no&#8221; text_align=&#8221;left&#8221; background_image_as_pattern=&#8221;without_pattern&#8221;][vc_column][\/vc_column][\/vc_row]<\/p>\t\t\t\t\t\t<\/div>\n\t\t\t\t<\/div>\n\t\t\t\t\t<\/div>\n\t\t<\/div>\n\t\t\t\t\t\t\t<\/div>\n\t\t<\/section>\n\t\t\t\t\t\t\t<\/div>\n\t\t<\/section>","protected":false},"excerpt":{"rendered":"<p>[vc_row css_animation=&#8221;&#8221; row_type=&#8221;row&#8221; use_row_as_full_screen_section=&#8221;no&#8221; type=&#8221;full_width&#8221; angled_section=&#8221;no&#8221; text_align=&#8221;center&#8221; background_image_as_pattern=&#8221;without_pattern&#8221; background_color=&#8221;#f9f9f9&#8243; padding_top=&#8221;140&#8243; padding_bottom=&#8221;100&#8243; anchor=&#8221;about&#8221;][vc_column offset=&#8221;vc_col-lg-offset-3 vc_col-lg-6&#8243;][vc_column_text] D\u00a0 \u00a0A\u00a0 \u00a0S D\u0131splay Arch\u0131tect Solut\u0131ons [\/vc_column_text][vc_separator type=&#8221;normal&#8221;][vc_column_text] It is an integrated organization that carries out all processes single-handedly, from the design of the product to its delivery to the customer&#8230;<\/p>\n","protected":false},"author":1,"featured_media":0,"parent":0,"menu_order":0,"comment_status":"open","ping_status":"open","template":"","meta":{"content-type":"","footnotes":""},"class_list":["post-15250","page","type-page","status-publish","hentry"],"_links":{"self":[{"href":"https:\/\/daspos.eu\/index.php\/wp-json\/wp\/v2\/pages\/15250","targetHints":{"allow":["GET"]}}],"collection":[{"href":"https:\/\/daspos.eu\/index.php\/wp-json\/wp\/v2\/pages"}],"about":[{"href":"https:\/\/daspos.eu\/index.php\/wp-json\/wp\/v2\/types\/page"}],"author":[{"embeddable":true,"href":"https:\/\/daspos.eu\/index.php\/wp-json\/wp\/v2\/users\/1"}],"replies":[{"embeddable":true,"href":"https:\/\/daspos.eu\/index.php\/wp-json\/wp\/v2\/comments?post=15250"}],"version-history":[{"count":39,"href":"https:\/\/daspos.eu\/index.php\/wp-json\/wp\/v2\/pages\/15250\/revisions"}],"predecessor-version":[{"id":15527,"href":"https:\/\/daspos.eu\/index.php\/wp-json\/wp\/v2\/pages\/15250\/revisions\/15527"}],"wp:attachment":[{"href":"https:\/\/daspos.eu\/index.php\/wp-json\/wp\/v2\/media?parent=15250"}],"curies":[{"name":"wp","href":"https:\/\/api.w.org\/{rel}","templated":true}]}}